{"id":5938,"date":"2023-10-06T11:54:35","date_gmt":"2023-10-06T09:54:35","guid":{"rendered":"https:\/\/groupelatour.com\/?page_id=5938"},"modified":"2025-06-05T17:42:46","modified_gmt":"2025-06-05T15:42:46","slug":"carrieres","status":"publish","type":"page","link":"https:\/\/groupelatour.com\/index.php\/carrieres\/","title":{"rendered":"Carri\u00e8res"},"content":{"rendered":"\t\t<div data-elementor-type=\"wp-page\" data-elementor-id=\"5938\" class=\"elementor elementor-5938\">\n\t\t\t\t\t\t<div class=\"wavo-column-gap-default elementor-section elementor-top-section elementor-element elementor-element-c32f7f1 elementor-section-stretched elementor-section-full_width elementor-section-height-default elementor-section-height-default\" data-id=\"c32f7f1\" data-element_type=\"section\" data-e-type=\"section\" data-settings=\"{&quot;stretch_section&quot;:&quot;section-stretched&quot;,&quot;background_background&quot;:&quot;classic&quot;}\">\n\t\t\t\t\t\t<div class=\"elementor-container elementor-column-gap-default\">\n\t\t\t\t\t<div class=\"elementor-column elementor-col-100 elementor-top-column elementor-element elementor-element-bd6a917\" data-id=\"bd6a917\" data-element_type=\"column\" data-e-type=\"column\">\n\t\t\t<div class=\"elementor-widget-wrap elementor-element-populated\">\n\t\t\t\t\t\t<section class=\"wavo-column-gap-default elementor-section elementor-inner-section elementor-element elementor-element-198e75d elementor-section-boxed elementor-section-height-default elementor-section-height-default\" data-id=\"198e75d\" data-element_type=\"section\" data-e-type=\"section\">\n\t\t\t\t\t\t<div class=\"elementor-container elementor-column-gap-default\">\n\t\t\t\t\t<div class=\"elementor-column elementor-col-100 elementor-inner-column elementor-element elementor-element-d787bc2\" data-id=\"d787bc2\" data-element_type=\"column\" data-e-type=\"column\">\n\t\t\t<div class=\"elementor-widget-wrap elementor-element-populated\">\n\t\t\t\t\t\t<div class=\"elementor-element elementor-element-3dfe5b9 wavo-transform transform-type-translate elementor-widget elementor-widget-heading\" data-id=\"3dfe5b9\" data-element_type=\"widget\" data-e-type=\"widget\" data-widget_type=\"heading.default\">\n\t\t\t\t<div class=\"elementor-widget-container\">\n\t\t\t\t\t<h2 class=\"elementor-heading-title elementor-size-xxl\">Carri\u00e8res<\/h2>\t\t\t\t<\/div>\n\t\t\t\t<\/div>\n\t\t\t\t\t<\/div>\n\t\t<\/div>\n\t\t\t\t\t<\/div>\n\t\t<\/section>\n\t\t\t\t\t<\/div>\n\t\t<\/div>\n\t\t\t\t\t<\/div>\n\t\t<\/div>\n\t\t\t\t<section class=\"wavo-column-gap-default elementor-section elementor-top-section elementor-element elementor-element-e070829 elementor-section-boxed elementor-section-height-default elementor-section-height-default\" data-id=\"e070829\" data-element_type=\"section\" data-e-type=\"section\">\n\t\t\t\t\t\t<div class=\"elementor-container elementor-column-gap-default\">\n\t\t\t\t\t<div class=\"elementor-column elementor-col-50 elementor-top-column elementor-element elementor-element-b5a20b8\" data-id=\"b5a20b8\" data-element_type=\"column\" data-e-type=\"column\">\n\t\t\t<div class=\"elementor-widget-wrap elementor-element-populated\">\n\t\t\t\t\t\t<div class=\"elementor-element elementor-element-f7c58f8 elementor-widget elementor-widget-spacer\" data-id=\"f7c58f8\" data-element_type=\"widget\" data-e-type=\"widget\" data-widget_type=\"spacer.default\">\n\t\t\t\t<div class=\"elementor-widget-container\">\n\t\t\t\t\t\t\t<div class=\"elementor-spacer\">\n\t\t\t<div class=\"elementor-spacer-inner\"><\/div>\n\t\t<\/div>\n\t\t\t\t\t\t<\/div>\n\t\t\t\t<\/div>\n\t\t\t\t<div class=\"elementor-element elementor-element-129e13a wavo-transform transform-type-translate elementor-widget elementor-widget-heading\" data-id=\"129e13a\" data-element_type=\"widget\" data-e-type=\"widget\" data-widget_type=\"heading.default\">\n\t\t\t\t<div class=\"elementor-widget-container\">\n\t\t\t\t\t<h2 class=\"elementor-heading-title elementor-size-large\">Recrutement<\/h2>\t\t\t\t<\/div>\n\t\t\t\t<\/div>\n\t\t\t\t<div class=\"elementor-element elementor-element-e803450 elementor-widget elementor-widget-spacer\" data-id=\"e803450\" data-element_type=\"widget\" data-e-type=\"widget\" data-widget_type=\"spacer.default\">\n\t\t\t\t<div class=\"elementor-widget-container\">\n\t\t\t\t\t\t\t<div class=\"elementor-spacer\">\n\t\t\t<div class=\"elementor-spacer-inner\"><\/div>\n\t\t<\/div>\n\t\t\t\t\t\t<\/div>\n\t\t\t\t<\/div>\n\t\t\t\t<div class=\"elementor-element elementor-element-c6890eb elementor-widget elementor-widget-text-editor\" data-id=\"c6890eb\" data-element_type=\"widget\" data-e-type=\"widget\" data-widget_type=\"text-editor.default\">\n\t\t\t\t<div class=\"elementor-widget-container\">\n\t\t\t\t\t\t\t\t\t<p><strong>Nouvelles opportunit\u00e9s professionnelles en vue !&nbsp;<\/strong><\/p>\n<p><strong>&nbsp;<\/strong><\/p>\n<p>Nous sommes ravis de vous annoncer que notre \u00e9quipe travaille actuellement sur le d\u00e9veloppement de cette page recrutement. Tr\u00e8s prochainement, vous y trouverez les postes \u00e0 pourvoir au sein de notre groupe.<\/p>\n<p>En attendant cette mise \u00e0 jour, nous vous invitons \u00e0 contacter R\u00e9gis HUMBERT, Directeur des Ressources Humaines, \u00e0 l&#8217;adresse : humbert@groupelatour.com. Notre \u00e9quipe se fera un plaisir de discuter avec vous des opportunit\u00e9s actuellement disponibles et de r\u00e9pondre \u00e0 toutes vos questions.&nbsp;<\/p>\n<p>Nous sommes impatients de vous pr\u00e9senter nos futures offres d&#8217;emploi et de vous accueillir au sein de notre \u00e9quipe !&nbsp;<\/p>\t\t\t\t\t\t\t\t<\/div>\n\t\t\t\t<\/div>\n\t\t\t\t<div class=\"elementor-element elementor-element-df428a1 elementor-widget elementor-widget-spacer\" data-id=\"df428a1\" data-element_type=\"widget\" data-e-type=\"widget\" data-widget_type=\"spacer.default\">\n\t\t\t\t<div class=\"elementor-widget-container\">\n\t\t\t\t\t\t\t<div class=\"elementor-spacer\">\n\t\t\t<div class=\"elementor-spacer-inner\"><\/div>\n\t\t<\/div>\n\t\t\t\t\t\t<\/div>\n\t\t\t\t<\/div>\n\t\t\t\t\t<\/div>\n\t\t<\/div>\n\t\t\t\t<div class=\"elementor-column elementor-col-50 elementor-top-column elementor-element elementor-element-f34dc68\" data-id=\"f34dc68\" data-element_type=\"column\" data-e-type=\"column\">\n\t\t\t<div class=\"elementor-widget-wrap elementor-element-populated\">\n\t\t\t\t\t\t<div class=\"elementor-element elementor-element-c4fc9ac elementor-widget elementor-widget-spacer\" data-id=\"c4fc9ac\" data-element_type=\"widget\" data-e-type=\"widget\" data-widget_type=\"spacer.default\">\n\t\t\t\t<div class=\"elementor-widget-container\">\n\t\t\t\t\t\t\t<div class=\"elementor-spacer\">\n\t\t\t<div class=\"elementor-spacer-inner\"><\/div>\n\t\t<\/div>\n\t\t\t\t\t\t<\/div>\n\t\t\t\t<\/div>\n\t\t\t\t<div class=\"elementor-element elementor-element-8fb8d02 elementor-widget elementor-widget-spacer\" data-id=\"8fb8d02\" data-element_type=\"widget\" data-e-type=\"widget\" data-widget_type=\"spacer.default\">\n\t\t\t\t<div class=\"elementor-widget-container\">\n\t\t\t\t\t\t\t<div class=\"elementor-spacer\">\n\t\t\t<div class=\"elementor-spacer-inner\"><\/div>\n\t\t<\/div>\n\t\t\t\t\t\t<\/div>\n\t\t\t\t<\/div>\n\t\t\t\t<div class=\"elementor-element elementor-element-a773181 elementor-widget__width-initial elementor-widget elementor-widget-image\" data-id=\"a773181\" data-element_type=\"widget\" data-e-type=\"widget\" data-widget_type=\"image.default\">\n\t\t\t\t<div class=\"elementor-widget-container\">\n\t\t\t\t\t\t\t\t\t\t\t\t\t\t\t<img fetchpriority=\"high\" decoding=\"async\" width=\"1048\" height=\"611\" src=\"https:\/\/groupelatour.com\/wp-content\/uploads\/2023\/10\/Capture-decran-2023-10-06-115054.png\" class=\"attachment-2048x2048 size-2048x2048 wp-image-5942\" alt=\"Groupe LA TOUR\" srcset=\"https:\/\/groupelatour.com\/wp-content\/uploads\/2023\/10\/Capture-decran-2023-10-06-115054.png 1048w, https:\/\/groupelatour.com\/wp-content\/uploads\/2023\/10\/Capture-decran-2023-10-06-115054-300x175.png 300w, https:\/\/groupelatour.com\/wp-content\/uploads\/2023\/10\/Capture-decran-2023-10-06-115054-1024x597.png 1024w, https:\/\/groupelatour.com\/wp-content\/uploads\/2023\/10\/Capture-decran-2023-10-06-115054-768x448.png 768w, https:\/\/groupelatour.com\/wp-content\/uploads\/2023\/10\/Capture-decran-2023-10-06-115054-500x292.png 500w\" sizes=\"(max-width: 1048px) 100vw, 1048px\" \/>\t\t\t\t\t\t\t\t\t\t\t\t\t\t\t<\/div>\n\t\t\t\t<\/div>\n\t\t\t\t\t<\/div>\n\t\t<\/div>\n\t\t\t\t\t<\/div>\n\t\t<\/section>\n\t\t\t\t<section class=\"wavo-column-gap-default elementor-section elementor-top-section elementor-element elementor-element-dea7634 elementor-section-boxed elementor-section-height-default elementor-section-height-default\" data-id=\"dea7634\" data-element_type=\"section\" data-e-type=\"section\" data-settings=\"{&quot;background_background&quot;:&quot;classic&quot;}\">\n\t\t\t\t\t\t<div class=\"elementor-container elementor-column-gap-default\">\n\t\t\t\t\t<div class=\"elementor-column elementor-col-100 elementor-top-column elementor-element elementor-element-908bb41\" data-id=\"908bb41\" data-element_type=\"column\" data-e-type=\"column\">\n\t\t\t<div class=\"elementor-widget-wrap elementor-element-populated\">\n\t\t\t\t\t\t<div class=\"elementor-element elementor-element-bc672c1 elementor-widget elementor-widget-image\" data-id=\"bc672c1\" data-element_type=\"widget\" data-e-type=\"widget\" data-settings=\"{&quot;_animation&quot;:&quot;none&quot;}\" data-widget_type=\"image.default\">\n\t\t\t\t<div class=\"elementor-widget-container\">\n\t\t\t\t\t\t\t\t\t\t\t\t\t\t\t<img decoding=\"async\" width=\"300\" height=\"265\" src=\"https:\/\/groupelatour.com\/wp-content\/uploads\/2023\/02\/LogoGLT-Blanc2-sans-forme-300x265.png\" class=\"attachment-medium size-medium wp-image-4638\" alt=\"GLT logo\" srcset=\"https:\/\/groupelatour.com\/wp-content\/uploads\/2023\/02\/LogoGLT-Blanc2-sans-forme-300x265.png 300w, https:\/\/groupelatour.com\/wp-content\/uploads\/2023\/02\/LogoGLT-Blanc2-sans-forme-768x679.png 768w, https:\/\/groupelatour.com\/wp-content\/uploads\/2023\/02\/LogoGLT-Blanc2-sans-forme-500x442.png 500w, https:\/\/groupelatour.com\/wp-content\/uploads\/2023\/02\/LogoGLT-Blanc2-sans-forme.png 801w\" sizes=\"(max-width: 300px) 100vw, 300px\" \/>\t\t\t\t\t\t\t\t\t\t\t\t\t\t\t<\/div>\n\t\t\t\t<\/div>\n\t\t\t\t<div class=\"elementor-element elementor-element-e2f4b9f wavo-transform transform-type-translate elementor-widget elementor-widget-heading\" data-id=\"e2f4b9f\" data-element_type=\"widget\" data-e-type=\"widget\" data-settings=\"{&quot;_animation&quot;:&quot;none&quot;}\" data-widget_type=\"heading.default\">\n\t\t\t\t<div class=\"elementor-widget-container\">\n\t\t\t\t\t<h2 class=\"elementor-heading-title elementor-size-default\"><a href=\"https:\/\/groupelatour.com\/index.php\/mentions-legales\/\">MENTIONS LEGALES<\/a><\/h2>\t\t\t\t<\/div>\n\t\t\t\t<\/div>\n\t\t\t\t<section class=\"wavo-column-gap-default elementor-section elementor-inner-section elementor-element elementor-element-fb413c9 elementor-section-boxed elementor-section-height-default elementor-section-height-default\" data-id=\"fb413c9\" data-element_type=\"section\" data-e-type=\"section\" data-settings=\"{&quot;animation&quot;:&quot;none&quot;}\">\n\t\t\t\t\t\t<div class=\"elementor-container elementor-column-gap-default\">\n\t\t\t\t\t<div class=\"elementor-column elementor-col-33 elementor-inner-column elementor-element elementor-element-dab916e\" data-id=\"dab916e\" data-element_type=\"column\" data-e-type=\"column\">\n\t\t\t<div class=\"elementor-widget-wrap elementor-element-populated\">\n\t\t\t\t\t\t<div class=\"elementor-element elementor-element-a363150 wavo-transform transform-type-translate elementor-widget elementor-widget-heading\" data-id=\"a363150\" data-element_type=\"widget\" data-e-type=\"widget\" data-settings=\"{&quot;_animation&quot;:&quot;none&quot;}\" data-widget_type=\"heading.default\">\n\t\t\t\t<div class=\"elementor-widget-container\">\n\t\t\t\t\t<h2 class=\"elementor-heading-title elementor-size-default\">T\u00e9l\u00e9phone<\/h2>\t\t\t\t<\/div>\n\t\t\t\t<\/div>\n\t\t\t\t<div class=\"elementor-element elementor-element-e281bb3 wavo-transform transform-type-translate elementor-widget elementor-widget-heading\" data-id=\"e281bb3\" data-element_type=\"widget\" data-e-type=\"widget\" data-settings=\"{&quot;_animation&quot;:&quot;none&quot;}\" data-widget_type=\"heading.default\">\n\t\t\t\t<div class=\"elementor-widget-container\">\n\t\t\t\t\t<h5 class=\"elementor-heading-title elementor-size-default\"><a href=\"tel:0389335757\">03 89 33 57 57<\/a><\/h5>\t\t\t\t<\/div>\n\t\t\t\t<\/div>\n\t\t\t\t\t<\/div>\n\t\t<\/div>\n\t\t\t\t<div class=\"elementor-column elementor-col-33 elementor-inner-column elementor-element elementor-element-154eeca\" data-id=\"154eeca\" data-element_type=\"column\" data-e-type=\"column\">\n\t\t\t<div class=\"elementor-widget-wrap elementor-element-populated\">\n\t\t\t\t\t\t<div class=\"elementor-element elementor-element-86aa48e wavo-transform transform-type-translate elementor-widget elementor-widget-heading\" data-id=\"86aa48e\" data-element_type=\"widget\" data-e-type=\"widget\" data-widget_type=\"heading.default\">\n\t\t\t\t<div class=\"elementor-widget-container\">\n\t\t\t\t\t<h2 class=\"elementor-heading-title elementor-size-default\">Mail<\/h2>\t\t\t\t<\/div>\n\t\t\t\t<\/div>\n\t\t\t\t<div class=\"elementor-element elementor-element-be4a045 wavo-transform transform-type-translate elementor-widget elementor-widget-heading\" data-id=\"be4a045\" data-element_type=\"widget\" data-e-type=\"widget\" data-settings=\"{&quot;_animation&quot;:&quot;none&quot;}\" data-widget_type=\"heading.default\">\n\t\t\t\t<div class=\"elementor-widget-container\">\n\t\t\t\t\t<h5 class=\"elementor-heading-title elementor-size-default\"><a href=\"mailto:contact@groupelatour.com\" target=\"_blank\">contact@groupelatour.com<\/a><\/h5>\t\t\t\t<\/div>\n\t\t\t\t<\/div>\n\t\t\t\t\t<\/div>\n\t\t<\/div>\n\t\t\t\t<div class=\"elementor-column elementor-col-33 elementor-inner-column elementor-element elementor-element-6587e4b\" data-id=\"6587e4b\" data-element_type=\"column\" data-e-type=\"column\">\n\t\t\t<div class=\"elementor-widget-wrap elementor-element-populated\">\n\t\t\t\t\t\t<div class=\"elementor-element elementor-element-163aab9 wavo-transform transform-type-translate elementor-widget elementor-widget-heading\" data-id=\"163aab9\" data-element_type=\"widget\" data-e-type=\"widget\" data-settings=\"{&quot;_animation&quot;:&quot;none&quot;}\" data-widget_type=\"heading.default\">\n\t\t\t\t<div class=\"elementor-widget-container\">\n\t\t\t\t\t<h2 class=\"elementor-heading-title elementor-size-default\">Adresse<\/h2>\t\t\t\t<\/div>\n\t\t\t\t<\/div>\n\t\t\t\t<div class=\"elementor-element elementor-element-990b0fd wavo-transform transform-type-translate elementor-widget elementor-widget-heading\" data-id=\"990b0fd\" data-element_type=\"widget\" data-e-type=\"widget\" data-settings=\"{&quot;_animation&quot;:&quot;none&quot;}\" data-widget_type=\"heading.default\">\n\t\t\t\t<div class=\"elementor-widget-container\">\n\t\t\t\t\t<h5 class=\"elementor-heading-title elementor-size-default\"><a href=\"https:\/\/www.google.com\/maps\/place\/36+Rue+Paul+C\u00e9zanne,+68200+Mulhouse\/@47.7359191,7.2897605,17z\/data=!3m1!4b1!4m6!3m5!1s0x479184d34c91982b:0x73c294db6f83b961!8m2!3d47.7359191!4d7.2897605!16s%2Fg%2F11fjxjnrxx?entry=ttu\" target=\"_blank\">36 rue Paul C\u00e9zanne, 68200 Mulhouse<\/a><\/h5>\t\t\t\t<\/div>\n\t\t\t\t<\/div>\n\t\t\t\t\t<\/div>\n\t\t<\/div>\n\t\t\t\t\t<\/div>\n\t\t<\/section>\n\t\t\t\t\t<\/div>\n\t\t<\/div>\n\t\t\t\t\t<\/div>\n\t\t<\/section>\n\t\t\t\t<\/div>\n\t\t","protected":false},"excerpt":{"rendered":"<p>Carri\u00e8res Recrutement Nouvelles opportunit\u00e9s professionnelles en vue !&nbsp; &nbsp; Nous sommes ravis de vous annoncer que notre \u00e9quipe travaille actuellement sur le d\u00e9veloppement de cette page recrutement. Tr\u00e8s prochainement, vous y trouverez les postes \u00e0 pourvoir au sein de notre groupe. En attendant cette mise \u00e0 jour, nous vous invitons \u00e0 contacter R\u00e9gis HUMBERT, Directeur&#8230;<\/p>\n","protected":false},"author":1,"featured_media":5404,"parent":0,"menu_order":0,"comment_status":"closed","ping_status":"open","template":"wavo-elementor-page.php","meta":{"_acf_changed":false,"footnotes":""},"class_list":{"0":"post-5938","1":"page","2":"type-page","3":"status-publish","4":"has-post-thumbnail","5":"hentry","6":"nt-post-class","7":"","10":"excerpt-none"},"acf":[],"_links":{"self":[{"href":"https:\/\/groupelatour.com\/index.php\/wp-json\/wp\/v2\/pages\/5938","targetHints":{"allow":["GET"]}}],"collection":[{"href":"https:\/\/groupelatour.com\/index.php\/wp-json\/wp\/v2\/pages"}],"about":[{"href":"https:\/\/groupelatour.com\/index.php\/wp-json\/wp\/v2\/types\/page"}],"author":[{"embeddable":true,"href":"https:\/\/groupelatour.com\/index.php\/wp-json\/wp\/v2\/users\/1"}],"replies":[{"embeddable":true,"href":"https:\/\/groupelatour.com\/index.php\/wp-json\/wp\/v2\/comments?post=5938"}],"version-history":[{"count":25,"href":"https:\/\/groupelatour.com\/index.php\/wp-json\/wp\/v2\/pages\/5938\/revisions"}],"predecessor-version":[{"id":6083,"href":"https:\/\/groupelatour.com\/index.php\/wp-json\/wp\/v2\/pages\/5938\/revisions\/6083"}],"wp:featuredmedia":[{"embeddable":true,"href":"https:\/\/groupelatour.com\/index.php\/wp-json\/wp\/v2\/media\/5404"}],"wp:attachment":[{"href":"https:\/\/groupelatour.com\/index.php\/wp-json\/wp\/v2\/media?parent=5938"}],"curies":[{"name":"wp","href":"https:\/\/api.w.org\/{rel}","templated":true}]}}